{"id":11,"date":"2026-04-07T04:25:56","date_gmt":"2026-04-07T04:25:56","guid":{"rendered":"https:\/\/y-sinh.dion.vn\/?page_id=11"},"modified":"2026-04-07T10:19:11","modified_gmt":"2026-04-07T10:19:11","slug":"trang-chu","status":"publish","type":"page","link":"https:\/\/y-sinh.dion.vn\/","title":{"rendered":"Trang ch\u1ee7"},"content":{"rendered":"\t\t<div data-elementor-type=\"wp-page\" data-elementor-id=\"11\" class=\"elementor elementor-11\">\n\t\t\t\t<div class=\"elementor-element elementor-element-7821c81 e-flex e-con-boxed wpr-particle-no wpr-jarallax-no wpr-parallax-no wpr-sticky-section-no e-con e-parent\" data-id=\"7821c81\" data-element_type=\"container\" data-e-type=\"container\" data-settings=\"{&quot;background_background&quot;:&quot;classic&quot;}\">\n\t\t\t\t\t<div class=\"e-con-inner\">\n\t\t<div class=\"elementor-element elementor-element-66fc5a7 e-grid e-con-full wpr-particle-no wpr-jarallax-no wpr-parallax-no wpr-sticky-section-no e-con e-child\" data-id=\"66fc5a7\" data-element_type=\"container\" data-e-type=\"container\">\n\t\t\t\t<div class=\"elementor-element elementor-element-f4480ec elementor-widget elementor-widget-image\" data-id=\"f4480ec\" data-element_type=\"widget\" data-e-type=\"widget\" data-widget_type=\"image.default\">\n\t\t\t\t\t\t\t\t\t\t\t\t\t\t\t<img fetchpriority=\"high\" decoding=\"async\" width=\"631\" height=\"682\" src=\"https:\/\/y-sinh.dion.vn\/wp-content\/uploads\/2026\/04\/Frame-1171276795.png\" class=\"attachment-large size-large wp-image-195\" alt=\"\" srcset=\"https:\/\/y-sinh.dion.vn\/wp-content\/uploads\/2026\/04\/Frame-1171276795.png 631w, https:\/\/y-sinh.dion.vn\/wp-content\/uploads\/2026\/04\/Frame-1171276795-278x300.png 278w\" sizes=\"(max-width: 631px) 100vw, 631px\" \/>\t\t\t\t\t\t\t\t\t\t\t\t\t\t\t<\/div>\n\t\t<div class=\"elementor-element elementor-element-0faaade e-con-full e-flex wpr-particle-no wpr-jarallax-no wpr-parallax-no wpr-sticky-section-no e-con e-child\" data-id=\"0faaade\" data-element_type=\"container\" data-e-type=\"container\">\n\t\t\t\t<div class=\"elementor-element elementor-element-3e8f704 elementor-widget elementor-widget-heading\" data-id=\"3e8f704\" data-element_type=\"widget\" data-e-type=\"widget\" data-widget_type=\"heading.default\">\n\t\t\t\t\t<h2 class=\"elementor-heading-title elementor-size-default\">Gi\u1edbi thi\u1ec7u v\u1ec1 Khoa h\u1ecdc Y sinh<\/h2>\t\t\t\t<\/div>\n\t\t\t\t<div class=\"elementor-element elementor-element-87ec312 elementor-align-start elementor-icon-list--layout-traditional elementor-list-item-link-full_width elementor-widget elementor-widget-icon-list\" data-id=\"87ec312\" data-element_type=\"widget\" data-e-type=\"widget\" data-widget_type=\"icon-list.default\">\n\t\t\t\t\t\t\t<ul class=\"elementor-icon-list-items\">\n\t\t\t\t\t\t\t<li class=\"elementor-icon-list-item\">\n\t\t\t\t\t\t\t\t\t\t\t<span class=\"elementor-icon-list-icon\">\n\t\t\t\t\t\t\t<svg xmlns=\"http:\/\/www.w3.org\/2000\/svg\" width=\"20\" height=\"20\" viewBox=\"0 0 20 20\" fill=\"none\"><path opacity=\"0.4\" d=\"M9.99935 18.3327C14.6017 18.3327 18.3327 14.6017 18.3327 9.99935C18.3327 5.39698 14.6017 1.66602 9.99935 1.66602C5.39698 1.66602 1.66602 5.39698 1.66602 9.99935C1.66602 14.6017 5.39698 18.3327 9.99935 18.3327Z\" fill=\"#13A10E\"><\/path><path d=\"M8.81719 12.9827C8.65052 12.9827 8.49219 12.916 8.37552 12.7993L6.01719 10.441C5.77552 10.1993 5.77552 9.79935 6.01719 9.55768C6.25885 9.31602 6.65885 9.31602 6.90052 9.55768L8.81719 11.4743L13.1005 7.19102C13.3422 6.94935 13.7422 6.94935 13.9839 7.19102C14.2255 7.43268 14.2255 7.83268 13.9839 8.07435L9.25885 12.7993C9.14219 12.916 8.98385 12.9827 8.81719 12.9827Z\" fill=\"#13A10E\"><\/path><\/svg>\t\t\t\t\t\t<\/span>\n\t\t\t\t\t\t\t\t\t\t<span class=\"elementor-icon-list-text\">Website cung c\u1ea5p th\u00f4ng tin uy t\u00edn v\u1ec1 c\u01a1 ch\u1ebf sinh h\u1ecdc, b\u1ec7nh l\u00fd, dinh d\u01b0\u1ee1ng v\u00e0 c\u00f4ng ngh\u1ec7 y sinh hi\u1ec7n \u0111\u1ea1i. N\u1ec1n t\u1ea3ng l\u00e0\u00a0c\u1ea7u n\u1ed1i\u00a0tri th\u1ee9c khoa h\u1ecdc, nghi\u00ean c\u1ee9u v\u00e0 \u1ee9ng d\u1ee5ng l\u00e2m s\u00e0ng, gi\u00fap c\u1ed9ng \u0111\u1ed3ng hi\u1ec3u \u0111\u00fang c\u01a1 th\u1ec3 v\u00e0 ch\u1ee7 \u0111\u1ed9ng h\u01a1n trong ch\u0103m s\u00f3c s\u1ee9c kh\u1ecfe.<\/span>\n\t\t\t\t\t\t\t\t\t<\/li>\n\t\t\t\t\t\t\t\t<li class=\"elementor-icon-list-item\">\n\t\t\t\t\t\t\t\t\t\t\t<span class=\"elementor-icon-list-icon\">\n\t\t\t\t\t\t\t<svg xmlns=\"http:\/\/www.w3.org\/2000\/svg\" width=\"20\" height=\"20\" viewBox=\"0 0 20 20\" fill=\"none\"><path opacity=\"0.4\" d=\"M9.99935 18.3327C14.6017 18.3327 18.3327 14.6017 18.3327 9.99935C18.3327 5.39698 14.6017 1.66602 9.99935 1.66602C5.39698 1.66602 1.66602 5.39698 1.66602 9.99935C1.66602 14.6017 5.39698 18.3327 9.99935 18.3327Z\" fill=\"#13A10E\"><\/path><path d=\"M8.81719 12.9827C8.65052 12.9827 8.49219 12.916 8.37552 12.7993L6.01719 10.441C5.77552 10.1993 5.77552 9.79935 6.01719 9.55768C6.25885 9.31602 6.65885 9.31602 6.90052 9.55768L8.81719 11.4743L13.1005 7.19102C13.3422 6.94935 13.7422 6.94935 13.9839 7.19102C14.2255 7.43268 14.2255 7.83268 13.9839 8.07435L9.25885 12.7993C9.14219 12.916 8.98385 12.9827 8.81719 12.9827Z\" fill=\"#13A10E\"><\/path><\/svg>\t\t\t\t\t\t<\/span>\n\t\t\t\t\t\t\t\t\t\t<span class=\"elementor-icon-list-text\">N\u1ec1n t\u1ea3ng \u0111\u01b0\u1ee3c x\u00e2y d\u1ef1ng v\u00e0 v\u1eadn h\u00e0nh b\u1edfi \u0111\u1ed9i ng\u0169\u00a0chuy\u00ean gia, nh\u00e0 nghi\u00ean c\u1ee9u v\u00e0 b\u00e1c s\u0129, cam k\u1ebft cung c\u1ea5p th\u00f4ng tin chu\u1ea9n x\u00e1c, minh b\u1ea1ch v\u00e0 kh\u00e1ch quan, d\u1ef1a tr\u00ean nghi\u00ean c\u1ee9u uy t\u00edn v\u00e0 c\u00f4ng b\u1ed1 h\u1ecdc thu\u1eadt.<\/span>\n\t\t\t\t\t\t\t\t\t<\/li>\n\t\t\t\t\t\t\t\t<li class=\"elementor-icon-list-item\">\n\t\t\t\t\t\t\t\t\t\t\t<span class=\"elementor-icon-list-icon\">\n\t\t\t\t\t\t\t<svg xmlns=\"http:\/\/www.w3.org\/2000\/svg\" width=\"20\" height=\"20\" viewBox=\"0 0 20 20\" fill=\"none\"><path opacity=\"0.4\" d=\"M9.99935 18.3327C14.6017 18.3327 18.3327 14.6017 18.3327 9.99935C18.3327 5.39698 14.6017 1.66602 9.99935 1.66602C5.39698 1.66602 1.66602 5.39698 1.66602 9.99935C1.66602 14.6017 5.39698 18.3327 9.99935 18.3327Z\" fill=\"#13A10E\"><\/path><path d=\"M8.81719 12.9827C8.65052 12.9827 8.49219 12.916 8.37552 12.7993L6.01719 10.441C5.77552 10.1993 5.77552 9.79935 6.01719 9.55768C6.25885 9.31602 6.65885 9.31602 6.90052 9.55768L8.81719 11.4743L13.1005 7.19102C13.3422 6.94935 13.7422 6.94935 13.9839 7.19102C14.2255 7.43268 14.2255 7.83268 13.9839 8.07435L9.25885 12.7993C9.14219 12.916 8.98385 12.9827 8.81719 12.9827Z\" fill=\"#13A10E\"><\/path><\/svg>\t\t\t\t\t\t<\/span>\n\t\t\t\t\t\t\t\t\t\t<span class=\"elementor-icon-list-text\">Ch\u00fang t\u00f4i mong mu\u1ed1n nh\u1eadn \u0111\u01b0\u1ee3c s\u1ef1 \u0111\u1ed3ng h\u00e0nh v\u00e0 \u0111\u00f3ng g\u00f3p t\u1eeb c\u1ed9ng \u0111\u1ed3ng qua chia s\u1ebb ki\u1ebfn th\u1ee9c, g\u00f3p \u00fd ho\u1eb7c tham gia vi\u1ebft b\u00e0i \u0111\u1ec3 n\u1ec1n t\u1ea3ng ng\u00e0y c\u00e0ng ho\u00e0n thi\u1ec7n, \u0111a d\u1ea1ng v\u00e0 ch\u1ea5t l\u01b0\u1ee3ng cao.<\/span>\n\t\t\t\t\t\t\t\t\t<\/li>\n\t\t\t\t\t\t<\/ul>\n\t\t\t\t\t\t<\/div>\n\t\t\t\t<div class=\"elementor-element elementor-element-c0456bf elementor-widget elementor-widget-button\" data-id=\"c0456bf\" data-element_type=\"widget\" data-e-type=\"widget\" data-widget_type=\"button.default\">\n\t\t\t\t\t\t\t\t\t\t<a class=\"elementor-button elementor-button-link elementor-size-sm\" href=\"#\">\n\t\t\t\t\t\t<span class=\"elementor-button-content-wrapper\">\n\t\t\t\t\t\t\t\t\t<span class=\"elementor-button-text\">B\u1ea5m v\u00e0o \u0111\u00e2y<\/span>\n\t\t\t\t\t<\/span>\n\t\t\t\t\t<\/a>\n\t\t\t\t\t\t\t\t<\/div>\n\t\t\t\t<\/div>\n\t\t\t\t<\/div>\n\t\t\t\t\t<\/div>\n\t\t\t\t<\/div>\n\t\t<div class=\"elementor-element elementor-element-d38b4ae e-flex e-con-boxed wpr-particle-no wpr-jarallax-no wpr-parallax-no wpr-sticky-section-no e-con e-parent\" data-id=\"d38b4ae\" data-element_type=\"container\" data-e-type=\"container\">\n\t\t\t\t\t<div class=\"e-con-inner\">\n\t\t\t\t<div class=\"elementor-element elementor-element-8d70c10 elementor-widget elementor-widget-shortcode\" data-id=\"8d70c10\" data-element_type=\"widget\" data-e-type=\"widget\" data-widget_type=\"shortcode.default\">\n\t\t\t\t\t\t\t<div class=\"elementor-shortcode\">        <div class=\"pgct-wrapper\"\n             data-posts-per-page=\"8\"\n             data-allowed-categories=\"6\">\n            <div class=\"pgct-tabs\">\n                                    <button class=\"pgct-tab active\" data-category=\"all\">Xem t\u1ea5t c\u1ea3<\/button>\n                \n                                    <button class=\"pgct-tab \"\n                            data-category=\"6\">\n                        B\u1ec7nh c\u00fam                    <\/button>\n                            <\/div>\n\n            <div class=\"pgct-grid\">\n                                <article class=\"pgct-card\">\n                    <div class=\"pgct-thumb-wrap\">\n                        <a href=\"https:\/\/y-sinh.dion.vn\/index.php\/2026\/04\/07\/benh-cum-a\/\">\n                            <img decoding=\"async\" class=\"pgct-thumb\" src=\"https:\/\/y-sinh.dion.vn\/wp-content\/uploads\/2026\/04\/NGUC_CUMA_CAROUSEL_240529_1_V1_dc0fd3421f.webp\" alt=\"B\u1ec7nh c\u00fam A\">\n                        <\/a>\n                        <div class=\"pgct-date\">07 thg 04 - 2026<\/div>\n                    <\/div>\n\n                    <div class=\"pgct-meta\">\n                        <span style=\"display: flex; gap: 6px;\"><svg xmlns=\"http:\/\/www.w3.org\/2000\/svg\" width=\"16\" height=\"16\" viewBox=\"0 0 16 16\" fill=\"none\">\n<path d=\"M13.3327 13.3333V12.8333C13.3327 12.0819 13.0342 11.3612 12.5028 10.8299C11.9715 10.2985 11.2508 10 10.4993 10H5.49935C4.7479 10 4.02723 10.2985 3.49588 10.8299C2.96453 11.3612 2.66602 12.0819 2.66602 12.8333V13.3333M10.666 4.66667C10.666 6.13943 9.47211 7.33333 7.99935 7.33333C6.52659 7.33333 5.33268 6.13943 5.33268 4.66667C5.33268 3.19391 6.52659 2 7.99935 2C9.47211 2 10.666 3.19391 10.666 4.66667Z\" stroke=\"#4A4C4F\" stroke-linecap=\"round\" stroke-linejoin=\"round\"\/>\n<\/svg> admin_dion<\/span>\n                        <span>\u2022<\/span>\n                        <span> 0 Comment<\/span>\n                    <\/div>\n\n                    <div class=\"pgct-content\">\n                        <h3 class=\"pgct-title\">\n                            <a href=\"https:\/\/y-sinh.dion.vn\/index.php\/2026\/04\/07\/benh-cum-a\/\">B\u1ec7nh c\u00fam A<\/a>\n                        <\/h3>\n\n                        <a class=\"pgct-readmore\" href=\"https:\/\/y-sinh.dion.vn\/index.php\/2026\/04\/07\/benh-cum-a\/\">\n                            Xem th\u00eam  <svg xmlns=\"http:\/\/www.w3.org\/2000\/svg\" width=\"8\" height=\"8\" viewBox=\"0 0 8 8\" fill=\"none\">\n<path d=\"M0.5 7.5L7.5 0.5M7.5 0.5H2.25M7.5 0.5V5.75\" stroke=\"#4A4C4F\" stroke-linecap=\"round\" stroke-linejoin=\"round\"\/>\n<\/svg>\n                        <\/a>\n                    <\/div>\n                <\/article>\n                                <article class=\"pgct-card\">\n                    <div class=\"pgct-thumb-wrap\">\n                        <a href=\"https:\/\/y-sinh.dion.vn\/index.php\/2026\/04\/07\/benh-cum\/\">\n                            <img decoding=\"async\" class=\"pgct-thumb\" src=\"https:\/\/y-sinh.dion.vn\/wp-content\/uploads\/2026\/04\/images-1.jpg\" alt=\"B\u1ec7nh c\u00fam\">\n                        <\/a>\n                        <div class=\"pgct-date\">07 thg 04 - 2026<\/div>\n                    <\/div>\n\n                    <div class=\"pgct-meta\">\n                        <span style=\"display: flex; gap: 6px;\"><svg xmlns=\"http:\/\/www.w3.org\/2000\/svg\" width=\"16\" height=\"16\" viewBox=\"0 0 16 16\" fill=\"none\">\n<path d=\"M13.3327 13.3333V12.8333C13.3327 12.0819 13.0342 11.3612 12.5028 10.8299C11.9715 10.2985 11.2508 10 10.4993 10H5.49935C4.7479 10 4.02723 10.2985 3.49588 10.8299C2.96453 11.3612 2.66602 12.0819 2.66602 12.8333V13.3333M10.666 4.66667C10.666 6.13943 9.47211 7.33333 7.99935 7.33333C6.52659 7.33333 5.33268 6.13943 5.33268 4.66667C5.33268 3.19391 6.52659 2 7.99935 2C9.47211 2 10.666 3.19391 10.666 4.66667Z\" stroke=\"#4A4C4F\" stroke-linecap=\"round\" stroke-linejoin=\"round\"\/>\n<\/svg> admin_dion<\/span>\n                        <span>\u2022<\/span>\n                        <span> 0 Comment<\/span>\n                    <\/div>\n\n                    <div class=\"pgct-content\">\n                        <h3 class=\"pgct-title\">\n                            <a href=\"https:\/\/y-sinh.dion.vn\/index.php\/2026\/04\/07\/benh-cum\/\">B\u1ec7nh c\u00fam<\/a>\n                        <\/h3>\n\n                        <a class=\"pgct-readmore\" href=\"https:\/\/y-sinh.dion.vn\/index.php\/2026\/04\/07\/benh-cum\/\">\n                            Xem th\u00eam  <svg xmlns=\"http:\/\/www.w3.org\/2000\/svg\" width=\"8\" height=\"8\" viewBox=\"0 0 8 8\" fill=\"none\">\n<path d=\"M0.5 7.5L7.5 0.5M7.5 0.5H2.25M7.5 0.5V5.75\" stroke=\"#4A4C4F\" stroke-linecap=\"round\" stroke-linejoin=\"round\"\/>\n<\/svg>\n                        <\/a>\n                    <\/div>\n                <\/article>\n                            <\/div>\n        <\/div>\n        <\/div>\n\t\t\t\t\t\t<\/div>\n\t\t\t\t<div class=\"elementor-element elementor-element-460b233 elementor-widget elementor-widget-shortcode\" data-id=\"460b233\" data-element_type=\"widget\" data-e-type=\"widget\" data-widget_type=\"shortcode.default\">\n\t\t\t\t\t\t\t<div class=\"elementor-shortcode\">        <div class=\"pgct-wrapper\"\n             data-posts-per-page=\"8\"\n             data-allowed-categories=\"6\">\n            <div class=\"pgct-tabs\">\n                \n                                    <button class=\"pgct-tab active\"\n                            data-category=\"6\">\n                        B\u1ec7nh c\u00fam                    <\/button>\n                            <\/div>\n\n            <div class=\"pgct-grid\">\n                                <article class=\"pgct-card\">\n                    <div class=\"pgct-thumb-wrap\">\n                        <a href=\"https:\/\/y-sinh.dion.vn\/index.php\/2026\/04\/07\/benh-cum-a\/\">\n                            <img decoding=\"async\" class=\"pgct-thumb\" src=\"https:\/\/y-sinh.dion.vn\/wp-content\/uploads\/2026\/04\/NGUC_CUMA_CAROUSEL_240529_1_V1_dc0fd3421f.webp\" alt=\"B\u1ec7nh c\u00fam A\">\n                        <\/a>\n                        <div class=\"pgct-date\">07 thg 04 - 2026<\/div>\n                    <\/div>\n\n                    <div class=\"pgct-meta\">\n                        <span style=\"display: flex; gap: 6px;\"><svg xmlns=\"http:\/\/www.w3.org\/2000\/svg\" width=\"16\" height=\"16\" viewBox=\"0 0 16 16\" fill=\"none\">\n<path d=\"M13.3327 13.3333V12.8333C13.3327 12.0819 13.0342 11.3612 12.5028 10.8299C11.9715 10.2985 11.2508 10 10.4993 10H5.49935C4.7479 10 4.02723 10.2985 3.49588 10.8299C2.96453 11.3612 2.66602 12.0819 2.66602 12.8333V13.3333M10.666 4.66667C10.666 6.13943 9.47211 7.33333 7.99935 7.33333C6.52659 7.33333 5.33268 6.13943 5.33268 4.66667C5.33268 3.19391 6.52659 2 7.99935 2C9.47211 2 10.666 3.19391 10.666 4.66667Z\" stroke=\"#4A4C4F\" stroke-linecap=\"round\" stroke-linejoin=\"round\"\/>\n<\/svg> admin_dion<\/span>\n                        <span>\u2022<\/span>\n                        <span> 0 Comment<\/span>\n                    <\/div>\n\n                    <div class=\"pgct-content\">\n                        <h3 class=\"pgct-title\">\n                            <a href=\"https:\/\/y-sinh.dion.vn\/index.php\/2026\/04\/07\/benh-cum-a\/\">B\u1ec7nh c\u00fam A<\/a>\n                        <\/h3>\n\n                        <a class=\"pgct-readmore\" href=\"https:\/\/y-sinh.dion.vn\/index.php\/2026\/04\/07\/benh-cum-a\/\">\n                            Xem th\u00eam  <svg xmlns=\"http:\/\/www.w3.org\/2000\/svg\" width=\"8\" height=\"8\" viewBox=\"0 0 8 8\" fill=\"none\">\n<path d=\"M0.5 7.5L7.5 0.5M7.5 0.5H2.25M7.5 0.5V5.75\" stroke=\"#4A4C4F\" stroke-linecap=\"round\" stroke-linejoin=\"round\"\/>\n<\/svg>\n                        <\/a>\n                    <\/div>\n                <\/article>\n                                <article class=\"pgct-card\">\n                    <div class=\"pgct-thumb-wrap\">\n                        <a href=\"https:\/\/y-sinh.dion.vn\/index.php\/2026\/04\/07\/benh-cum\/\">\n                            <img decoding=\"async\" class=\"pgct-thumb\" src=\"https:\/\/y-sinh.dion.vn\/wp-content\/uploads\/2026\/04\/images-1.jpg\" alt=\"B\u1ec7nh c\u00fam\">\n                        <\/a>\n                        <div class=\"pgct-date\">07 thg 04 - 2026<\/div>\n                    <\/div>\n\n                    <div class=\"pgct-meta\">\n                        <span style=\"display: flex; gap: 6px;\"><svg xmlns=\"http:\/\/www.w3.org\/2000\/svg\" width=\"16\" height=\"16\" viewBox=\"0 0 16 16\" fill=\"none\">\n<path d=\"M13.3327 13.3333V12.8333C13.3327 12.0819 13.0342 11.3612 12.5028 10.8299C11.9715 10.2985 11.2508 10 10.4993 10H5.49935C4.7479 10 4.02723 10.2985 3.49588 10.8299C2.96453 11.3612 2.66602 12.0819 2.66602 12.8333V13.3333M10.666 4.66667C10.666 6.13943 9.47211 7.33333 7.99935 7.33333C6.52659 7.33333 5.33268 6.13943 5.33268 4.66667C5.33268 3.19391 6.52659 2 7.99935 2C9.47211 2 10.666 3.19391 10.666 4.66667Z\" stroke=\"#4A4C4F\" stroke-linecap=\"round\" stroke-linejoin=\"round\"\/>\n<\/svg> admin_dion<\/span>\n                        <span>\u2022<\/span>\n                        <span> 0 Comment<\/span>\n                    <\/div>\n\n                    <div class=\"pgct-content\">\n                        <h3 class=\"pgct-title\">\n                            <a href=\"https:\/\/y-sinh.dion.vn\/index.php\/2026\/04\/07\/benh-cum\/\">B\u1ec7nh c\u00fam<\/a>\n                        <\/h3>\n\n                        <a class=\"pgct-readmore\" href=\"https:\/\/y-sinh.dion.vn\/index.php\/2026\/04\/07\/benh-cum\/\">\n                            Xem th\u00eam  <svg xmlns=\"http:\/\/www.w3.org\/2000\/svg\" width=\"8\" height=\"8\" viewBox=\"0 0 8 8\" fill=\"none\">\n<path d=\"M0.5 7.5L7.5 0.5M7.5 0.5H2.25M7.5 0.5V5.75\" stroke=\"#4A4C4F\" stroke-linecap=\"round\" stroke-linejoin=\"round\"\/>\n<\/svg>\n                        <\/a>\n                    <\/div>\n                <\/article>\n                            <\/div>\n        <\/div>\n        <\/div>\n\t\t\t\t\t\t<\/div>\n\t\t\t\t\t<\/div>\n\t\t\t\t<\/div>\n\t\t\t\t<\/div>\n\t\t","protected":false},"excerpt":{"rendered":"<p>Gi\u1edbi thi\u1ec7u v\u1ec1 Khoa h\u1ecdc Y sinh Website cung c\u1ea5p th\u00f4ng tin uy t\u00edn v\u1ec1 c\u01a1 ch\u1ebf sinh h\u1ecdc, b\u1ec7nh l\u00fd, dinh d\u01b0\u1ee1ng v\u00e0 c\u00f4ng ngh\u1ec7 y sinh hi\u1ec7n \u0111\u1ea1i. N\u1ec1n t\u1ea3ng l\u00e0\u00a0c\u1ea7u n\u1ed1i\u00a0tri th\u1ee9c khoa h\u1ecdc, nghi\u00ean c\u1ee9u v\u00e0 \u1ee9ng d\u1ee5ng l\u00e2m s\u00e0ng, gi\u00fap c\u1ed9ng \u0111\u1ed3ng hi\u1ec3u \u0111\u00fang c\u01a1 th\u1ec3 v\u00e0 ch\u1ee7 \u0111\u1ed9ng h\u01a1n trong ch\u0103m s\u00f3c s\u1ee9c kh\u1ecfe. N\u1ec1n t\u1ea3ng \u0111\u01b0\u1ee3c x\u00e2y d\u1ef1ng v\u00e0 v\u1eadn h\u00e0nh b\u1edfi \u0111\u1ed9i ng\u0169\u00a0chuy\u00ean gia, nh\u00e0 nghi\u00ean c\u1ee9u v\u00e0 b\u00e1c s\u0129, cam k\u1ebft cung c\u1ea5p th\u00f4ng tin chu\u1ea9n x\u00e1c, minh b\u1ea1ch v\u00e0 kh\u00e1ch quan, d\u1ef1a tr\u00ean nghi\u00ean c\u1ee9u uy t\u00edn v\u00e0 c\u00f4ng b\u1ed1 h\u1ecdc thu\u1eadt. Ch\u00fang t\u00f4i mong mu\u1ed1n nh\u1eadn \u0111\u01b0\u1ee3c s\u1ef1 \u0111\u1ed3ng h\u00e0nh v\u00e0 \u0111\u00f3ng g\u00f3p t\u1eeb c\u1ed9ng \u0111\u1ed3ng qua chia s\u1ebb ki\u1ebfn th\u1ee9c, g\u00f3p \u00fd ho\u1eb7c tham gia vi\u1ebft b\u00e0i \u0111\u1ec3 n\u1ec1n t\u1ea3ng ng\u00e0y c\u00e0ng ho\u00e0n thi\u1ec7n, \u0111a d\u1ea1ng v\u00e0 ch\u1ea5t l\u01b0\u1ee3ng cao. B\u1ea5m v\u00e0o \u0111\u00e2y<\/p>\n","protected":false},"author":1,"featured_media":0,"parent":0,"menu_order":0,"comment_status":"closed","ping_status":"closed","template":"","meta":{"footnotes":""},"class_list":["post-11","page","type-page","status-publish","hentry"],"_links":{"self":[{"href":"https:\/\/y-sinh.dion.vn\/index.php\/wp-json\/wp\/v2\/pages\/11","targetHints":{"allow":["GET"]}}],"collection":[{"href":"https:\/\/y-sinh.dion.vn\/index.php\/wp-json\/wp\/v2\/pages"}],"about":[{"href":"https:\/\/y-sinh.dion.vn\/index.php\/wp-json\/wp\/v2\/types\/page"}],"author":[{"embeddable":true,"href":"https:\/\/y-sinh.dion.vn\/index.php\/wp-json\/wp\/v2\/users\/1"}],"replies":[{"embeddable":true,"href":"https:\/\/y-sinh.dion.vn\/index.php\/wp-json\/wp\/v2\/comments?post=11"}],"version-history":[{"count":61,"href":"https:\/\/y-sinh.dion.vn\/index.php\/wp-json\/wp\/v2\/pages\/11\/revisions"}],"predecessor-version":[{"id":337,"href":"https:\/\/y-sinh.dion.vn\/index.php\/wp-json\/wp\/v2\/pages\/11\/revisions\/337"}],"wp:attachment":[{"href":"https:\/\/y-sinh.dion.vn\/index.php\/wp-json\/wp\/v2\/media?parent=11"}],"curies":[{"name":"wp","href":"https:\/\/api.w.org\/{rel}","templated":true}]}}